{"id":107,"date":"2025-06-21T12:55:09","date_gmt":"2025-06-21T12:55:09","guid":{"rendered":"https:\/\/final.franziskaponess.de\/?page_id=107"},"modified":"2025-07-04T15:36:01","modified_gmt":"2025-07-04T15:36:01","slug":"agb","status":"publish","type":"page","link":"https:\/\/redsharkfuerteventura.com\/de\/agb\/","title":{"rendered":"AGB"},"content":{"rendered":"\t\t<div data-elementor-type=\"wp-page\" data-elementor-id=\"107\" class=\"elementor elementor-107\">\n\t\t\t\t<div class=\"elementor-element elementor-element-9a30210 e-flex e-con-boxed e-con e-parent\" data-id=\"9a30210\" data-element_type=\"container\" data-e-type=\"container\">\n\t\t\t\t\t<div class=\"e-con-inner\">\n\t\t\t\t<div class=\"elementor-element elementor-element-8527a7b elementor-widget elementor-widget-text-editor\" data-id=\"8527a7b\" data-element_type=\"widget\" data-e-type=\"widget\" data-widget_type=\"text-editor.default\">\n\t\t\t\t<div class=\"elementor-widget-container\">\n\t\t\t\t\t\t\t\t\t<h2>Allgemeine Gesch\u00e4ftsbedingungen (AGB)<\/h2>\n<h3>Buchungs-, Zahlungs-, Stornierungs- und R\u00fcckerstattungsbedingungen<\/h3>\n<p><strong>REDSHARK S.L. (B35879980)<\/strong> verpflichtet sich, allen Kund:innen transparente Informationen zu den Buchungs-, Zahlungs-, Stornierungs- und R\u00fcckerstattungsbedingungen zur Verf\u00fcgung zu stellen.<\/p>\n<hr>\n<h4>1. Buchungsbedingungen (Online \/ E-Mail \/ Vorausbuchung)<\/h4>\n<p>Eine Buchung gilt erst dann als verbindlich best\u00e4tigt, wenn eine Anzahlung in H\u00f6he von <strong>30\u202f%<\/strong> des gew\u00e4hlten Kurses oder Camps geleistet wurde.<\/p>\n<h5>1.1 Zahlung per Kredit-\/Debitkarte<\/h5>\n<p>Die Zahlung kann telefonisch unter <strong>+34 928 867 548<\/strong> vorgenommen werden.<br>\nBitte bereithalten:<\/p>\n<ul>\n<li>16-stellige Kartennummer<\/li>\n<li>Ablaufdatum der Karte<\/li>\n<li>Gew\u00fcnschte Kurs-\/Campdaten<\/li>\n<\/ul>\n<p>Nach der Zahlung erhalten Sie einen Zahlungsbeleg per WhatsApp oder E-Mail.<\/p>\n<h5>1.2 Zahlung per Bank\u00fcberweisung<\/h5>\n<p>Nach Buchung ist innerhalb von <strong>24 Stunden<\/strong> eine \u00dcberweisung in der gew\u00fcnschten H\u00f6he zu t\u00e4tigen.<br>\nBitte geben Sie den <strong>Buchungszweck<\/strong> (wird bei der Buchung mitgeteilt) als <strong>Verwendungszweck<\/strong> an.<br>\nEine Kopie der \u00dcberweisung bitte senden an:<br>\n\ud83d\udce7 <a href=\"mailto:info@redsharkfuerteventura.com\">info@redsharkfuerteventura.com<\/a><\/p>\n<h5>1.3 Zahlung des Restbetrags vor Ort<\/h5>\n<p>Der verbleibende Betrag ist am <strong>Anreisetag im REDSHARK-B\u00fcro in Corralejo<\/strong> zu begleichen.<br>\nAkzeptierte Zahlungsmethoden:<\/p>\n<ul>\n<li>Barzahlung<\/li>\n<li>Kredit-\/Debitkarte<\/li>\n<\/ul>\n<p>Vor Ort ist es m\u00f6glich, Kurs oder Camp zu \u00e4ndern. Die geleistete Anzahlung wird anteilig auf das neue Angebot angerechnet.<\/p>\n<hr>\n<h4>2. Stornierungsbedingungen (Online \/ E-Mail \/ Vorausbuchung)<\/h4>\n<h5>2.1 Stornierung mehr als 30 Tage vor Kurs-\/Campbeginn<\/h5>\n<p>\u2705 <strong>Volle R\u00fcckerstattung<\/strong>, abz\u00fcglich <strong>25\u202f\u20ac Bearbeitungsgeb\u00fchr<\/strong><\/p>\n<h5>2.2 Stornierung zwischen 30 und 7 Tagen vor Kurs-\/Campbeginn<\/h5>\n<p>\u274c <strong>Keine R\u00fcckerstattung der Anzahlung<\/strong><br>\n\u27a1\ufe0f Anzahlung wird <strong>f\u00fcr 1 Jahr gutgeschrieben<\/strong> und ist <strong>\u00fcbertragbar auf Dritte<\/strong><\/p>\n<h5>2.3 Stornierung weniger als 7 Tage vor Kurs-\/Campbeginn<\/h5>\n<p>\u274c <strong>Keine R\u00fcckerstattung<\/strong><\/p>\n<hr>\n<h4>3. Stornierung durch REDSHARK wegen Wetterbedingungen<\/h4>\n<h5>3.1 Stornierung &gt; 1 Stunde vor Kursbeginn<\/h5>\n<ul>\n<li>Verschiebung auf n\u00e4chstm\u00f6glichen passenden Tag<\/li>\n<li>Umwandlung in andere Aktivit\u00e4t (Kite \/ Surf \/ SUP)<\/li>\n<li>Ausstellung eines <strong>Gutscheins<\/strong> \u00fcber den Wert der stornierten Aktivit\u00e4t<br>\n<em>(g\u00fcltig 2 Jahre f\u00fcr Shop, Schule oder Materialverleih)<\/em><\/li>\n<\/ul>\n<h5>3.2 Stornierung am Strand oder Hafen (vor Kursbeginn)<\/h5>\n<p>\u27a1\ufe0f Optionen wie oben, jedoch mit <strong>15\u202f\u20ac Servicegeb\u00fchr pro Person<\/strong><\/p>\n<h5>3.3 Stornierung nach Ablegen des Bootes (nur Kitesurfkurse)<\/h5>\n<p>\u27a1\ufe0f Optionen wie oben, jedoch mit <strong>25\u202f\u20ac Bearbeitungsgeb\u00fchr pro Person<\/strong><\/p>\n<hr>\n<h4>4. Stornierung durch den Kunden nach best\u00e4tigter Buchung<\/h4>\n<p>Diese Regelung gilt f\u00fcr best\u00e4tigte Aktivit\u00e4ten (z.\u202fB. im Shop oder durch Mitarbeitende).<\/p>\n<h5>4.1 Stornierung &lt; 8 Stunden vor Kursbeginn<\/h5>\n<p>\u274c <strong>Kein Anspruch auf R\u00fcckerstattung<\/strong>, Kurstag verf\u00e4llt<\/p>\n<h5>4.2 Stornierung 8 \u2013 72 Stunden vor Kursbeginn<\/h5>\n<p>\ud83d\udd01 Kurs wird auf n\u00e4chstm\u00f6glichen Termin verschoben<br>\n\u274c Keine R\u00fcckerstattung, <strong>au\u00dfer<\/strong> bei <strong>Buchung &amp; Stornierung am selben Tag<\/strong><\/p>\t\t\t\t\t\t\t\t<\/div>\n\t\t\t\t<\/div>\n\t\t\t\t\t<\/div>\n\t\t\t\t<\/div>\n\t\t\t\t<\/div>\n\t\t","protected":false},"excerpt":{"rendered":"<p>Allgemeine Gesch\u00e4ftsbedingungen (AGB) Buchungs-, Zahlungs-, Stornierungs- und R\u00fcckerstattungsbedingungen REDSHARK S.L. (B35879980) verpflichtet sich, allen Kund:innen transparente Informationen zu den Buchungs-, [&hellip;]<\/p>\n","protected":false},"author":1,"featured_media":0,"parent":0,"menu_order":0,"comment_status":"closed","ping_status":"closed","template":"elementor_theme","meta":{"site-sidebar-layout":"no-sidebar","site-content-layout":"","ast-site-content-layout":"full-width-container","site-content-style":"default","site-sidebar-style":"default","ast-global-header-display":"","ast-banner-title-visibility":"","ast-main-header-display":"","ast-hfb-above-header-display":"","ast-hfb-below-header-display":"","ast-hfb-mobile-header-display":"","site-post-title":"disabled","ast-breadcrumbs-content":"","ast-featured-img":"disabled","footer-sml-layout":"","ast-disable-related-posts":"","theme-transparent-header-meta":"","adv-header-id-meta":"","stick-header-meta":"","header-above-stick-meta":"","header-main-stick-meta":"","header-below-stick-meta":"","astra-migrate-meta-layouts":"default","ast-page-background-enabled":"default","ast-page-background-meta":{"desktop":{"background-color":"var(--ast-global-color-5)","background-image":"","background-repeat":"repeat","background-position":"center center","background-size":"auto","background-attachment":"scroll","background-type":"","background-media":"","overlay-type":"","overlay-color":"","overlay-opacity":"","overlay-gradient":""},"tablet":{"background-color":"","background-image":"","background-repeat":"repeat","background-position":"center center","background-size":"auto","background-attachment":"scroll","background-type":"","background-media":"","overlay-type":"","overlay-color":"","overlay-opacity":"","overlay-gradient":""},"mobile":{"background-color":"","background-image":"","background-repeat":"repeat","background-position":"center center","background-size":"auto","background-attachment":"scroll","background-type":"","background-media":"","overlay-type":"","overlay-color":"","overlay-opacity":"","overlay-gradient":""}},"ast-content-background-meta":{"desktop":{"background-color":"var(--ast-global-color-4)","background-image":"","background-repeat":"repeat","background-position":"center center","background-size":"auto","background-attachment":"scroll","background-type":"","background-media":"","overlay-type":"","overlay-color":"","overlay-opacity":"","overlay-gradient":""},"tablet":{"background-color":"var(--ast-global-color-4)","background-image":"","background-repeat":"repeat","background-position":"center center","background-size":"auto","background-attachment":"scroll","background-type":"","background-media":"","overlay-type":"","overlay-color":"","overlay-opacity":"","overlay-gradient":""},"mobile":{"background-color":"var(--ast-global-color-4)","background-image":"","background-repeat":"repeat","background-position":"center center","background-size":"auto","background-attachment":"scroll","background-type":"","background-media":"","overlay-type":"","overlay-color":"","overlay-opacity":"","overlay-gradient":""}},"_joinchat":[],"footnotes":""},"class_list":["post-107","page","type-page","status-publish","hentry"],"_links":{"self":[{"href":"https:\/\/redsharkfuerteventura.com\/de\/wp-json\/wp\/v2\/pages\/107","targetHints":{"allow":["GET"]}}],"collection":[{"href":"https:\/\/redsharkfuerteventura.com\/de\/wp-json\/wp\/v2\/pages"}],"about":[{"href":"https:\/\/redsharkfuerteventura.com\/de\/wp-json\/wp\/v2\/types\/page"}],"author":[{"embeddable":true,"href":"https:\/\/redsharkfuerteventura.com\/de\/wp-json\/wp\/v2\/users\/1"}],"replies":[{"embeddable":true,"href":"https:\/\/redsharkfuerteventura.com\/de\/wp-json\/wp\/v2\/comments?post=107"}],"version-history":[{"count":0,"href":"https:\/\/redsharkfuerteventura.com\/de\/wp-json\/wp\/v2\/pages\/107\/revisions"}],"wp:attachment":[{"href":"https:\/\/redsharkfuerteventura.com\/de\/wp-json\/wp\/v2\/media?parent=107"}],"curies":[{"name":"wp","href":"https:\/\/api.w.org\/{rel}","templated":true}]}}