{"id":867,"date":"2025-06-21T12:55:09","date_gmt":"2025-06-21T12:55:09","guid":{"rendered":"https:\/\/final.franziskaponess.de\/gtc\/"},"modified":"2025-06-28T16:56:08","modified_gmt":"2025-06-28T16:56:08","slug":"gtc","status":"publish","type":"page","link":"https:\/\/redsharkfuerteventura.com\/es\/gtc\/","title":{"rendered":"GTC"},"content":{"rendered":"\t\t<div data-elementor-type=\"wp-page\" data-elementor-id=\"867\" class=\"elementor elementor-867 elementor-107\">\n\t\t\t\t<div class=\"elementor-element elementor-element-9a30210 e-flex e-con-boxed e-con e-parent\" data-id=\"9a30210\" data-element_type=\"container\" data-e-type=\"container\">\n\t\t\t\t\t<div class=\"e-con-inner\">\n\t\t\t\t<div class=\"elementor-element elementor-element-8527a7b elementor-widget elementor-widget-text-editor\" data-id=\"8527a7b\" data-element_type=\"widget\" data-e-type=\"widget\" data-widget_type=\"text-editor.default\">\n\t\t\t\t<div class=\"elementor-widget-container\">\n\t\t\t\t\t\t\t\t\t<h2>Condiciones Generales (AGB)<\/h2>\n<h3>Condiciones de reserva, pago, cancelaci\u00f3n y reembolso<\/h3>\n<strong>REDSHARK S.L. (B35879980)<\/strong> se compromete a proporcionar a todos los clientes informaci\u00f3n transparente sobre las condiciones de reserva, pago, cancelaci\u00f3n y reembolso.\n\n<hr>\n\n<h4>1. condiciones de reserva (online \/ correo electr\u00f3nico \/ reserva anticipada)<\/h4>\nUna reserva s\u00f3lo se confirma como vinculante una vez que se ha pagado un dep\u00f3sito del <strong>30%<\/strong> del curso o campamento elegido.\n<h5>1.1 Pago con tarjeta de cr\u00e9dito\/d\u00e9bito<\/h5>\nEl pago puede realizarse por tel\u00e9fono en el <strong>+34 928 867 548<\/strong>.\nPor favor, tenlo preparado:\n<ul>\n \t<li>N\u00famero de tarjeta de 16 d\u00edgitos<\/li>\n \t<li>Fecha de caducidad de la tarjeta<\/li>\n \t<li>Fechas deseadas del curso\/campamento<\/li>\n<\/ul>\nTras el pago, recibir\u00e1s un recibo de pago por WhatsApp o correo electr\u00f3nico.\n<h5>1.2 Pago por transferencia bancaria<\/h5>\nTras la reserva, debe realizarse una transferencia bancaria por el importe deseado en un plazo de <strong>24 horas<\/strong>.\nIndica el <strong>prop\u00f3sito de la reserva<\/strong> (comunicado en el momento de la reserva) como <strong>motivo del pago<\/strong>.\nPor favor, env\u00eda una copia de la transferencia bancaria a\n\ud83d\udce7  <a href=\"mailto:info@redsharkfuerteventura.com\">info@redsharkfuerteventura.com<\/a>\n<h5>1.3 Pago del saldo in situ<\/h5>\nEl importe restante se abonar\u00e1 el <strong>d\u00eda de llegada en la oficina de REDSHARK en Corralejo<\/strong>.\nFormas de pago aceptadas:\n<ul>\n \t<li>Pago en met\u00e1lico<\/li>\n \t<li>Tarjeta de cr\u00e9dito\/d\u00e9bito<\/li>\n<\/ul>\nEs posible cambiar de curso o acampar in situ. El dep\u00f3sito pagado se abonar\u00e1 proporcionalmente a la nueva oferta. \n\n<hr>\n\n<h4>2. condiciones de cancelaci\u00f3n (online \/ correo electr\u00f3nico \/ reserva anticipada)<\/h4>\n<h5>2.1 Anulaci\u00f3n m\u00e1s de 30 d\u00edas antes del inicio del curso\/campamento<\/h5>\n\u2705 <strong>Reembolso \u00edntegro<\/strong>, menos   <strong>25 \u20ac de gastos de tramitaci\u00f3n<\/strong>\n<h5>2.2 Anulaci\u00f3n entre 30 y 7 d\u00edas antes del inicio del curso\/campamento<\/h5>\n\u274c <strong>No se devuelve el dep\u00f3sito<\/strong>\n\u27a1\ufe0f El dep\u00f3sito se <strong>acredita durante 1 a\u00f1o<\/strong> y <strong>no es reembolsable<\/strong>.    <strong>Transferible a terceros<\/strong>\n<h5>2.3 Anulaci\u00f3n menos de 7 d\u00edas antes del inicio del curso\/campamento<\/h5>\n\u274c  <strong>Sin devoluci\u00f3n<\/strong>\n\n<hr>\n\n<h4>3. cancelaci\u00f3n por REDSHARK debido a condiciones meteorol\u00f3gicas<\/h4>\n<h5>3.1 Anulaci\u00f3n &gt; 1 hora antes del inicio del curso<\/h5>\n<ul>\n \t<li>Aplazamiento a la siguiente fecha adecuada posible<\/li>\n \t<li>Conversi\u00f3n a otra actividad (kite \/ surf \/ SUP)<\/li>\n \t<li>Emisi\u00f3n de un <strong>vale<\/strong> por el valor de la actividad cancelada\n<em>(v\u00e1lido durante 2 a\u00f1os para tienda, escuela o alquiler de material)<\/em><\/li>\n<\/ul>\n<h5>3.2 Anulaci\u00f3n en la playa o puerto (antes del inicio del curso)<\/h5>\n\u27a1\ufe0f Opciones como arriba, pero con  <strong>15 \u20ac de tasa de servicio por persona<\/strong>\n<h5>3.3 Anulaci\u00f3n despu\u00e9s de botar la embarcaci\u00f3n (s\u00f3lo cursos de kitesurf)<\/h5>\n\u27a1\ufe0f Opciones como arriba, pero con  <strong>25 \u20ac de gastos de gesti\u00f3n por persona<\/strong>\n\n<hr>\n\n<h4>4. cancelaci\u00f3n por parte del cliente tras la reserva confirmada<\/h4>\nEste reglamento se aplica a las actividades confirmadas (por ejemplo, en la tienda o por los empleados).\n<h5>4.1 Anulaci\u00f3n &lt; 8 horas antes del inicio del curso<\/h5>\n\u274c  <strong>Sin derecho a reembolso<\/strong>, d\u00eda de curso perdido\n<h5>4.2 Anulaci\u00f3n 8 &#8211; 72 horas antes del inicio del curso<\/h5>\n\ud83d\udd01 El curso se aplazar\u00e1 a la pr\u00f3xima fecha posible\n\u274c No hay devoluci\u00f3n,  <strong>excepto<\/strong>  <strong>Reserva y cancelaci\u00f3n el mismo d\u00eda<\/strong>\t\t\t\t\t\t\t\t<\/div>\n\t\t\t\t<\/div>\n\t\t\t\t\t<\/div>\n\t\t\t\t<\/div>\n\t\t\t\t<\/div>\n\t\t","protected":false},"excerpt":{"rendered":"<p>Condiciones Generales (AGB) Condiciones de reserva, pago, cancelaci\u00f3n y reembolso REDSHARK S.L. (B35879980) se compromete a proporcionar a todos los [&hellip;]<\/p>\n","protected":false},"author":1,"featured_media":0,"parent":0,"menu_order":0,"comment_status":"closed","ping_status":"closed","template":"elementor_theme","meta":{"site-sidebar-layout":"no-sidebar","site-content-layout":"","ast-site-content-layout":"full-width-container","site-content-style":"default","site-sidebar-style":"default","ast-global-header-display":"","ast-banner-title-visibility":"","ast-main-header-display":"","ast-hfb-above-header-display":"","ast-hfb-below-header-display":"","ast-hfb-mobile-header-display":"","site-post-title":"disabled","ast-breadcrumbs-content":"","ast-featured-img":"disabled","footer-sml-layout":"","ast-disable-related-posts":"","theme-transparent-header-meta":"","adv-header-id-meta":"","stick-header-meta":"","header-above-stick-meta":"","header-main-stick-meta":"","header-below-stick-meta":"","astra-migrate-meta-layouts":"default","ast-page-background-enabled":"default","ast-page-background-meta":{"desktop":{"background-color":"var(--ast-global-color-5)","background-image":"","background-repeat":"repeat","background-position":"center center","background-size":"auto","background-attachment":"scroll","background-type":"","background-media":"","overlay-type":"","overlay-color":"","overlay-opacity":"","overlay-gradient":""},"tablet":{"background-color":"","background-image":"","background-repeat":"repeat","background-position":"center center","background-size":"auto","background-attachment":"scroll","background-type":"","background-media":"","overlay-type":"","overlay-color":"","overlay-opacity":"","overlay-gradient":""},"mobile":{"background-color":"","background-image":"","background-repeat":"repeat","background-position":"center center","background-size":"auto","background-attachment":"scroll","background-type":"","background-media":"","overlay-type":"","overlay-color":"","overlay-opacity":"","overlay-gradient":""}},"ast-content-background-meta":{"desktop":{"background-color":"var(--ast-global-color-4)","background-image":"","background-repeat":"repeat","background-position":"center center","background-size":"auto","background-attachment":"scroll","background-type":"","background-media":"","overlay-type":"","overlay-color":"","overlay-opacity":"","overlay-gradient":""},"tablet":{"background-color":"var(--ast-global-color-4)","background-image":"","background-repeat":"repeat","background-position":"center center","background-size":"auto","background-attachment":"scroll","background-type":"","background-media":"","overlay-type":"","overlay-color":"","overlay-opacity":"","overlay-gradient":""},"mobile":{"background-color":"var(--ast-global-color-4)","background-image":"","background-repeat":"repeat","background-position":"center center","background-size":"auto","background-attachment":"scroll","background-type":"","background-media":"","overlay-type":"","overlay-color":"","overlay-opacity":"","overlay-gradient":""}},"_joinchat":[],"footnotes":""},"class_list":["post-867","page","type-page","status-publish","hentry"],"_links":{"self":[{"href":"https:\/\/redsharkfuerteventura.com\/es\/wp-json\/wp\/v2\/pages\/867","targetHints":{"allow":["GET"]}}],"collection":[{"href":"https:\/\/redsharkfuerteventura.com\/es\/wp-json\/wp\/v2\/pages"}],"about":[{"href":"https:\/\/redsharkfuerteventura.com\/es\/wp-json\/wp\/v2\/types\/page"}],"author":[{"embeddable":true,"href":"https:\/\/redsharkfuerteventura.com\/es\/wp-json\/wp\/v2\/users\/1"}],"replies":[{"embeddable":true,"href":"https:\/\/redsharkfuerteventura.com\/es\/wp-json\/wp\/v2\/comments?post=867"}],"version-history":[{"count":0,"href":"https:\/\/redsharkfuerteventura.com\/es\/wp-json\/wp\/v2\/pages\/867\/revisions"}],"wp:attachment":[{"href":"https:\/\/redsharkfuerteventura.com\/es\/wp-json\/wp\/v2\/media?parent=867"}],"curies":[{"name":"wp","href":"https:\/\/api.w.org\/{rel}","templated":true}]}}