{"id":882,"date":"2025-06-21T12:59:53","date_gmt":"2025-06-21T12:59:53","guid":{"rendered":"https:\/\/final.franziskaponess.de\/protezione-dei-dati\/"},"modified":"2025-06-28T16:56:29","modified_gmt":"2025-06-28T16:56:29","slug":"protezione-dei-dati","status":"publish","type":"page","link":"https:\/\/redsharkfuerteventura.com\/it\/protezione-dei-dati\/","title":{"rendered":"Protezione dei dati"},"content":{"rendered":"\t\t<div data-elementor-type=\"wp-page\" data-elementor-id=\"882\" class=\"elementor elementor-882 elementor-112\">\n\t\t\t\t<div class=\"elementor-element elementor-element-7350649 e-flex e-con-boxed e-con e-parent\" data-id=\"7350649\" data-element_type=\"container\" data-e-type=\"container\">\n\t\t\t\t\t<div class=\"e-con-inner\">\n\t\t\t\t<div class=\"elementor-element elementor-element-ff61a33 elementor-widget elementor-widget-text-editor\" data-id=\"ff61a33\" data-element_type=\"widget\" data-e-type=\"widget\" data-widget_type=\"text-editor.default\">\n\t\t\t\t<div class=\"elementor-widget-container\">\n\t\t\t\t\t\t\t\t\t<h2>Informativa sulla privacy<\/h2><p><strong>Stato: giugno 2025<\/strong><\/p><p>Ti ringraziamo per l&#8217;interesse dimostrato nei confronti del nostro sito web. La protezione dei tuoi dati personali \u00e8 molto importante per noi. Di seguito ti informiamo, ai sensi dell&#8217;art. 13 del GDPR, sul trattamento dei dati personali durante l&#8217;utilizzo del nostro sito web.  <\/p><h3>1. persona responsabile<\/h3><p>REDSHARK S.L.<br>Av. Pedro y Guy Vandaele 24<br>35660 Corralejo, Fuerteventura<br>Spagna<br>\ud83d\udce7 Email: <a href=\"mailto:info@redsharkfuerteventura.com\">info@redsharkfuerteventura.com<\/a><br>\ud83d\udcde Telefono: +34 606 308 608<br>Partita IVA: B35879980 <\/p><h3>2. accesso ai dati e all&#8217;hosting<\/h3><p>Quando visiti il nostro sito web, raccogliamo automaticamente i dati di accesso al server (i cosiddetti file di log del server), ad es:<\/p><ul><li>Indirizzo IP<\/li><li>Data e ora della richiesta<\/li><li>Tipo e versione del browser<\/li><li>Sistema operativo utilizzato<\/li><li>URL di riferimento<\/li><\/ul><p>Questi dati vengono utilizzati per garantire un funzionamento senza problemi e per migliorare i nostri servizi. Non vengono uniti ad altre fonti di dati. La base giuridica \u00e8 l&#8217;Art. 6 comma 1 lit. f GDPR (legittimo interesse).    <\/p><h3>3. trattamento dei dati personali in occasione di contatti e prenotazioni<\/h3><p>Se ci contatti via e-mail, modulo di contatto o tramite un sistema di prenotazione, i tuoi dati (nome, indirizzo e-mail, eventualmente numero di telefono, dettagli della prenotazione) saranno memorizzati allo scopo di elaborare la richiesta e per eventuali domande successive.<\/p><p><strong>Base legale:<\/strong><\/p><ul><li>Art. 6 par. 1 lit. b GDPR (adempimento del contratto)  <\/li><li>Art. 6 par. 1 lit. f GDPR (interesse legittimo)  <\/li><\/ul><h3>4. commenti e contributi<\/h3><p>Se lasci un commento sul nostro sito web, memorizziamo i dati del modulo di commento, il tuo indirizzo IP e l&#8217;agente utente (per il rilevamento dello spam).<\/p><p>Il servizio Gravatar di Automattic Inc. pu\u00f2 essere utilizzato per visualizzare le immagini del profilo. Puoi trovare l&#8217;informativa sulla privacy di Gravatar all&#8217;indirizzo:<br>\ud83d\udd17 <a href=\"https:\/\/automattic.com\/privacy\/\" target=\"_blank\" rel=\"noopener nofollow\">https:\/\/automattic.com\/privacy\/<\/a>  <\/p><h3>5. biscotti<\/h3><p>Il nostro sito web utilizza i cookie per rendere alcune funzioni di facile utilizzo. Questi includono, ad esempio<\/p><ul><li>Memorizzare le voci del modulo (commenti)<\/li><li>Stati di accesso<\/li><li>Impostazioni della lingua o del display<\/li><\/ul><p>Puoi impedire la memorizzazione dei cookie selezionando le impostazioni appropriate nel tuo browser. Puoi cancellare i cookie gi\u00e0 impostati in qualsiasi momento. <\/p><p><strong>Base giuridica:<\/strong> Art. 6 comma 1 lit. f GDPR (legittimo interesse)  <\/p><h3>6. contenuti incorporati da fornitori terzi<\/h3><p>I post di questo sito web possono contenere contenuti incorporati (ad esempio video, mappe, strumenti di prenotazione, plugin per i social media). Questi contenuti si comportano come se stessi visitando direttamente il rispettivo sito web di terzi. <\/p><p>Tali fornitori terzi possono raccogliere dati su di te, impostare cookie e tracciare la tua interazione con il contenuto incorporato, soprattutto se hai un account e sei loggato.<\/p><h3>7. analisi web e strumenti di terze parti<\/h3><p>Il nostro sito web pu\u00f2 utilizzare strumenti di analisi e marketing come Google Analytics, Meta Pixel, Google Fonts o video di YouTube.<\/p><p>Questi servizi utilizzano i cookie per valutare il comportamento dell&#8217;utente. Gli indirizzi IP possono essere elaborati in forma anonima. <\/p><p><strong>Base giuridica:<\/strong> Art. 6 par. 1 lit. a GDPR (consenso, ad esempio tramite cookie banner)<br>Puoi revocare il tuo consenso in qualsiasi momento.  <\/p><h3>8. trasferimento dei dati<\/h3><p>Non trasmettiamo i tuoi dati a terzi a meno che:<\/p><ul><li>Hai dato il tuo consenso esplicito (Art. 6 comma 1 lit. a GDPR)<\/li><li>la divulgazione \u00e8 necessaria per l&#8217;adempimento del contratto (art. 6 par. 1 lett. b GDPR)<\/li><li>c&#8217;\u00e8 un obbligo di legge (art. 6 par. 1 lett. c GDPR)<\/li><\/ul><h3>9. periodo di conservazione<\/h3><p>Conserviamo i dati personali solo per il tempo necessario ai rispettivi scopi o per gli obblighi di conservazione previsti dalla legge. I commenti e i dati relativi alle prenotazioni possono essere conservati in modo permanente se non viene richiesta la cancellazione. <\/p><h3>10. i tuoi diritti<\/h3><p>Ai sensi del GDPR hai i seguenti diritti:<\/p><ul><li>Informazioni sui tuoi dati memorizzati (Art. 15 GDPR)<\/li><li>Correzione dei dati errati (Art. 16 GDPR)<\/li><li>Cancellazione dei tuoi dati (Art. 17 GDPR)<\/li><li>Limitazione del trattamento (Art. 18 GDPR)<\/li><li>Portabilit\u00e0 dei dati (art. 20 GDPR)<\/li><li>Opposizione al trattamento (Art. 21 GDPR)<\/li><li>Diritto di presentare un reclamo a un&#8217;autorit\u00e0 di vigilanza (ad esempio, in Spagna: Agencia Espa\u00f1ola de Protecci\u00f3n de Datos).<\/li><\/ul><h3>11 Dove vengono trattati i tuoi dati<\/h3><p>Il trattamento dei dati avviene generalmente all&#8217;interno dell&#8217;UE. Se vengono coinvolti fornitori terzi al di fuori dell&#8217;UE (ad esempio Google, Meta), ci\u00f2 avviene solo se viene garantito un livello adeguato di protezione dei dati ai sensi dell&#8217;art. 44 e seguenti del GDPR. GDPR. <\/p><h3>12. processo decisionale automatizzato \/ profilazione<\/h3><p>Non utilizziamo il processo decisionale automatizzato o la profilazione ai sensi dell&#8217;art. 22 del GDPR.<\/p><h3>Domande sulla protezione dei dati?<\/h3><p>Non esitare a scriverci:<br>\ud83d\udce7 <a href=\"mailto:info@redsharkfuerteventura.com\">info@redsharkfuerteventura.com<\/a><\/p>\t\t\t\t\t\t\t\t<\/div>\n\t\t\t\t<\/div>\n\t\t\t\t\t<\/div>\n\t\t\t\t<\/div>\n\t\t\t\t<\/div>\n\t\t","protected":false},"excerpt":{"rendered":"<p>Informativa sulla privacy Stato: giugno 2025 Ti ringraziamo per l&#8217;interesse dimostrato nei confronti del nostro sito web. La protezione dei [&hellip;]<\/p>\n","protected":false},"author":1,"featured_media":0,"parent":0,"menu_order":0,"comment_status":"closed","ping_status":"closed","template":"elementor_theme","meta":{"site-sidebar-layout":"no-sidebar","site-content-layout":"","ast-site-content-layout":"full-width-container","site-content-style":"default","site-sidebar-style":"default","ast-global-header-display":"","ast-banner-title-visibility":"","ast-main-header-display":"","ast-hfb-above-header-display":"","ast-hfb-below-header-display":"","ast-hfb-mobile-header-display":"","site-post-title":"disabled","ast-breadcrumbs-content":"","ast-featured-img":"disabled","footer-sml-layout":"","ast-disable-related-posts":"","theme-transparent-header-meta":"","adv-header-id-meta":"","stick-header-meta":"","header-above-stick-meta":"","header-main-stick-meta":"","header-below-stick-meta":"","astra-migrate-meta-layouts":"default","ast-page-background-enabled":"default","ast-page-background-meta":{"desktop":{"background-color":"var(--ast-global-color-5)","background-image":"","background-repeat":"repeat","background-position":"center center","background-size":"auto","background-attachment":"scroll","background-type":"","background-media":"","overlay-type":"","overlay-color":"","overlay-opacity":"","overlay-gradient":""},"tablet":{"background-color":"","background-image":"","background-repeat":"repeat","background-position":"center center","background-size":"auto","background-attachment":"scroll","background-type":"","background-media":"","overlay-type":"","overlay-color":"","overlay-opacity":"","overlay-gradient":""},"mobile":{"background-color":"","background-image":"","background-repeat":"repeat","background-position":"center center","background-size":"auto","background-attachment":"scroll","background-type":"","background-media":"","overlay-type":"","overlay-color":"","overlay-opacity":"","overlay-gradient":""}},"ast-content-background-meta":{"desktop":{"background-color":"var(--ast-global-color-4)","background-image":"","background-repeat":"repeat","background-position":"center center","background-size":"auto","background-attachment":"scroll","background-type":"","background-media":"","overlay-type":"","overlay-color":"","overlay-opacity":"","overlay-gradient":""},"tablet":{"background-color":"var(--ast-global-color-4)","background-image":"","background-repeat":"repeat","background-position":"center center","background-size":"auto","background-attachment":"scroll","background-type":"","background-media":"","overlay-type":"","overlay-color":"","overlay-opacity":"","overlay-gradient":""},"mobile":{"background-color":"var(--ast-global-color-4)","background-image":"","background-repeat":"repeat","background-position":"center center","background-size":"auto","background-attachment":"scroll","background-type":"","background-media":"","overlay-type":"","overlay-color":"","overlay-opacity":"","overlay-gradient":""}},"_joinchat":[],"footnotes":""},"class_list":["post-882","page","type-page","status-publish","hentry"],"_links":{"self":[{"href":"https:\/\/redsharkfuerteventura.com\/it\/wp-json\/wp\/v2\/pages\/882","targetHints":{"allow":["GET"]}}],"collection":[{"href":"https:\/\/redsharkfuerteventura.com\/it\/wp-json\/wp\/v2\/pages"}],"about":[{"href":"https:\/\/redsharkfuerteventura.com\/it\/wp-json\/wp\/v2\/types\/page"}],"author":[{"embeddable":true,"href":"https:\/\/redsharkfuerteventura.com\/it\/wp-json\/wp\/v2\/users\/1"}],"replies":[{"embeddable":true,"href":"https:\/\/redsharkfuerteventura.com\/it\/wp-json\/wp\/v2\/comments?post=882"}],"version-history":[{"count":0,"href":"https:\/\/redsharkfuerteventura.com\/it\/wp-json\/wp\/v2\/pages\/882\/revisions"}],"wp:attachment":[{"href":"https:\/\/redsharkfuerteventura.com\/it\/wp-json\/wp\/v2\/media?parent=882"}],"curies":[{"name":"wp","href":"https:\/\/api.w.org\/{rel}","templated":true}]}}